{"id":2648,"date":"2025-04-07T13:36:06","date_gmt":"2025-04-07T13:36:06","guid":{"rendered":"https:\/\/gniazdko.lu\/?page_id=2648"},"modified":"2025-04-08T08:09:10","modified_gmt":"2025-04-08T08:09:10","slug":"szkolenie-z-dostepnosci-informacyjnej-komunikacyjnej-i-architektonicznej","status":"publish","type":"page","link":"https:\/\/gniazdko.lu\/en\/szkolenie-z-dostepnosci-informacyjnej-komunikacyjnej-i-architektonicznej\/","title":{"rendered":"Szkolenie z dost\u0119pno\u015bci informacyjnej, komunikacyjnej i architektonicznej"},"content":{"rendered":"<div data-elementor-type=\"wp-page\" data-elementor-id=\"2648\" class=\"elementor elementor-2648\">\r\n\t\t\t\t<div class=\"elementor-element elementor-element-1854d81 e-flex e-con-boxed e-con e-parent\" data-id=\"1854d81\" data-element_type=\"container\">\r\n\t\t\t\t\t<div class=\"e-con-inner\">\r\n\t\t\t\t<div class=\"elementor-element elementor-element-21afa89 eael-dual-header-content-align-center elementor-invisible elementor-widget elementor-widget-eael-dual-color-header\" data-id=\"21afa89\" data-element_type=\"widget\" data-settings=\"{&quot;_animation&quot;:&quot;slideInUp&quot;}\" data-widget_type=\"eael-dual-color-header.default\">\r\n\t\t\t\t<div class=\"elementor-widget-container\">\r\n\t\t\t\r\n\t\t        <div class=\"eael-dual-header\">\r\n\t\t\t\t<h1 class=\"title\">\r\n\t\t\t<span  class=\"lead solid-color\">Szkolenie z dost\u0119pno\u015bci informacyjnej, komunikacyjnej i architektonicznej<\/span>\r\n\t\t\t<span><\/span>\r\n\t\t<\/h1>\r\n\t\t\t\t<span class=\"subtext\"><\/span>\r\n\t\t\t\t<\/div>\r\n\t\r\n\t\t\r\n\t\t\r\n\t\t\r\n\t\t\t\t<\/div>\r\n\t\t\t\t<\/div>\r\n\t\t\t\t\t<\/div>\r\n\t\t\t\t<\/div>\r\n\t\t<div class=\"elementor-element elementor-element-7f3f6a8 e-flex e-con-boxed e-con e-parent\" data-id=\"7f3f6a8\" data-element_type=\"container\">\r\n\t\t\t\t\t<div class=\"e-con-inner\">\r\n\t\t\t\t<div class=\"elementor-element elementor-element-6a9a076 elementor-widget elementor-widget-image\" data-id=\"6a9a076\" data-element_type=\"widget\" data-widget_type=\"image.default\">\r\n\t\t\t\t<div class=\"elementor-widget-container\">\r\n\t\t\t<style>\/*! elementor - v3.21.0 - 22-05-2024 *\/\n.elementor-widget-image{text-align:center}.elementor-widget-image a{display:inline-block}.elementor-widget-image a img[src$=\".svg\"]{width:48px}.elementor-widget-image img{vertical-align:middle;display:inline-block}<\/style>\t\t\t\t\t\t\t\t\t\t<img fetchpriority=\"high\" decoding=\"async\" width=\"600\" height=\"402\" src=\"https:\/\/gniazdko.lu\/wp-content\/uploads\/2025\/04\/wiedza-szkolenie-miniaturka.jpg\" class=\"attachment-large size-large wp-image-2631\" alt=\"\" srcset=\"https:\/\/gniazdko.lu\/wp-content\/uploads\/2025\/04\/wiedza-szkolenie-miniaturka.jpg 600w, https:\/\/gniazdko.lu\/wp-content\/uploads\/2025\/04\/wiedza-szkolenie-miniaturka-300x201.jpg 300w, https:\/\/gniazdko.lu\/wp-content\/uploads\/2025\/04\/wiedza-szkolenie-miniaturka-18x12.jpg 18w\" sizes=\"(max-width: 600px) 100vw, 600px\" \/>\t\t\t\t\t\t\t\t\t\t\t\t\t<\/div>\r\n\t\t\t\t<\/div>\r\n\t\t\t\t\t<\/div>\r\n\t\t\t\t<\/div>\r\n\t\t<div class=\"elementor-element elementor-element-7390431 e-flex e-con-boxed e-con e-parent\" data-id=\"7390431\" data-element_type=\"container\">\r\n\t\t\t\t\t<div class=\"e-con-inner\">\r\n\t\t\t\t<div class=\"elementor-element elementor-element-ad324e7 elementor-widget elementor-widget-heading\" data-id=\"ad324e7\" data-element_type=\"widget\" data-widget_type=\"heading.default\">\r\n\t\t\t\t<div class=\"elementor-widget-container\">\r\n\t\t\t<style>\/*! elementor - v3.21.0 - 22-05-2024 *\/\n.elementor-heading-title{padding:0;margin:0;line-height:1}.elementor-widget-heading .elementor-heading-title[class*=elementor-size-]>a{color:inherit;font-size:inherit;line-height:inherit}.elementor-widget-heading .elementor-heading-title.elementor-size-small{font-size:15px}.elementor-widget-heading .elementor-heading-title.elementor-size-medium{font-size:19px}.elementor-widget-heading .elementor-heading-title.elementor-size-large{font-size:29px}.elementor-widget-heading .elementor-heading-title.elementor-size-xl{font-size:39px}.elementor-widget-heading .elementor-heading-title.elementor-size-xxl{font-size:59px}<\/style><h2 class=\"elementor-heading-title elementor-size-default\">opis szkolenia<\/h2>\t\t<\/div>\r\n\t\t\t\t<\/div>\r\n\t\t\t\t<div class=\"elementor-element elementor-element-0d7539f elementor-widget elementor-widget-text-editor\" data-id=\"0d7539f\" data-element_type=\"widget\" data-widget_type=\"text-editor.default\">\r\n\t\t\t\t<div class=\"elementor-widget-container\">\r\n\t\t\t<style>\/*! elementor - v3.21.0 - 22-05-2024 *\/\n.elementor-widget-text-editor.elementor-drop-cap-view-stacked .elementor-drop-cap{background-color:#69727d;color:#fff}.elementor-widget-text-editor.elementor-drop-cap-view-framed .elementor-drop-cap{color:#69727d;border:3px solid;background-color:transparent}.elementor-widget-text-editor:not(.elementor-drop-cap-view-default) .elementor-drop-cap{margin-top:8px}.elementor-widget-text-editor:not(.elementor-drop-cap-view-default) .elementor-drop-cap-letter{width:1em;height:1em}.elementor-widget-text-editor .elementor-drop-cap{float:left;text-align:center;line-height:1;font-size:50px}.elementor-widget-text-editor .elementor-drop-cap-letter{display:inline-block}<\/style>\t\t\t\t<p><strong>Szkolenie z dost\u0119pno\u015bci informacyjnej, komunikacyjnej i architektonicznej<\/strong> to skondensowany program edukacyjny, kt\u00f3rego celem jest przygotowanie uczestnik\u00f3w do efektywnego wdra\u017cania zasad dost\u0119pno\u015bci w r\u00f3\u017cnych obszarach funkcjonowania instytucji i przestrzeni publicznej. Szkolenie obejmuje zar\u00f3wno zagadnienia teoretyczne, jak i intensywne zaj\u0119cia praktyczne w terenie. Uczestnicy zdobywaj\u0105 wiedz\u0119 m.in. z zakresu prawa, projektowania uniwersalnego, komunikacji z osobami o szczeg\u00f3lnych potrzebach oraz przeprowadzania audyt\u00f3w dost\u0119pno\u015bci.<\/p><p>Program zak\u0142ada stopniowe budowanie kompetencji poprzez modu\u0142y tematyczne, prowadzone przez do\u015bwiadczonych praktyk\u00f3w. Integraln\u0105 cz\u0119\u015b\u0107 szkolenia stanowi\u0105 wizyty studyjne i \u0107wiczenia w rzeczywistych warunkach \u2013 m.in. w urz\u0119dach, instytucjach kultury oraz w przestrzeni miejskiej.<\/p>\t\t\t\t\t\t<\/div>\r\n\t\t\t\t<\/div>\r\n\t\t\t\t\t<\/div>\r\n\t\t\t\t<\/div>\r\n\t\t<div class=\"elementor-element elementor-element-c7d158d e-con-full e-flex e-con e-parent\" data-id=\"c7d158d\" data-element_type=\"container\" data-settings=\"{&quot;background_background&quot;:&quot;classic&quot;}\">\r\n\t\t<div class=\"elementor-element elementor-element-10904ac e-flex e-con-boxed e-con e-child\" data-id=\"10904ac\" data-element_type=\"container\">\r\n\t\t\t\t\t<div class=\"e-con-inner\">\r\n\t\t\t\t<div class=\"elementor-element elementor-element-1526a08 elementor-widget elementor-widget-heading\" data-id=\"1526a08\" data-element_type=\"widget\" data-widget_type=\"heading.default\">\r\n\t\t\t\t<div class=\"elementor-widget-container\">\r\n\t\t\t<h2 class=\"elementor-heading-title elementor-size-default\">korzy\u015bci dla uczestnik\u00f3w\n<\/h2>\t\t<\/div>\r\n\t\t\t\t<\/div>\r\n\t\t\t\t<div class=\"elementor-element elementor-element-8cde6cf elementor-widget elementor-widget-text-editor\" data-id=\"8cde6cf\" data-element_type=\"widget\" data-widget_type=\"text-editor.default\">\r\n\t\t\t\t<div class=\"elementor-widget-container\">\r\n\t\t\t\t\t\t\t<ul><li><strong>Kompleksowa wiedza<\/strong> z zakresu dost\u0119pno\u015bci architektonicznej, informacyjnej i komunikacyjnej.<\/li><li><strong>Praktyczne umiej\u0119tno\u015bci<\/strong> \u2013 uczestnicy ucz\u0105 si\u0119 przeprowadza\u0107 audyty dost\u0119pno\u015bci, przygotowywa\u0107 raporty oraz plany poprawy dost\u0119pno\u015bci.<\/li><li><strong>Znajomo\u015b\u0107 przepis\u00f3w prawa<\/strong> krajowego i mi\u0119dzynarodowego dotycz\u0105cego dost\u0119pno\u015bci.<\/li><li><strong>Umiej\u0119tno\u015b\u0107 pracy z osobami o zr\u00f3\u017cnicowanych potrzebach<\/strong> \u2013 w tym standardy savoir-vivre, komunikacja alternatywna i wspomagaj\u0105ca.<\/li><li><strong>Materia\u0142y szkoleniowe<\/strong> i wsparcie dydaktyczne dost\u0119pne w wersji elektronicznej.<\/li><li><strong>Zwi\u0119kszenie kompetencji zawodowych<\/strong> \u2013 przygotowanie do pracy w roli konsultanta ds. dost\u0119pno\u015bci lub koordynatora dost\u0119pno\u015bci.<\/li><\/ul>\t\t\t\t\t\t<\/div>\r\n\t\t\t\t<\/div>\r\n\t\t\t\t\t<\/div>\r\n\t\t\t\t<\/div>\r\n\t\t\t\t<\/div>\r\n\t\t<div class=\"elementor-element elementor-element-b9c1d87 e-flex e-con-boxed e-con e-parent\" data-id=\"b9c1d87\" data-element_type=\"container\">\r\n\t\t\t\t\t<div class=\"e-con-inner\">\r\n\t\t\t\t<div class=\"elementor-element elementor-element-6f117f2 elementor-widget elementor-widget-heading\" data-id=\"6f117f2\" data-element_type=\"widget\" data-widget_type=\"heading.default\">\r\n\t\t\t\t<div class=\"elementor-widget-container\">\r\n\t\t\t<h2 class=\"elementor-heading-title elementor-size-default\">program szkolenia (4 modu\u0142y)<\/h2>\t\t<\/div>\r\n\t\t\t\t<\/div>\r\n\t\t<div class=\"elementor-element elementor-element-f38e113 e-grid e-con-boxed e-con e-child\" data-id=\"f38e113\" data-element_type=\"container\">\r\n\t\t\t\t\t<div class=\"e-con-inner\">\r\n\t\t\t\t<div class=\"elementor-element elementor-element-f4c1ba8 elementor-widget elementor-widget-text-editor\" data-id=\"f4c1ba8\" data-element_type=\"widget\" data-widget_type=\"text-editor.default\">\r\n\t\t\t\t<div class=\"elementor-widget-container\">\r\n\t\t\t\t\t\t\t<p><strong>Modu\u0142 I \u2013 Wprowadzenie do dost\u0119pno\u015bci i podstawy prawne<\/strong><\/p><ul><li>Wprowadzenie do poj\u0119cia dost\u0119pno\u015bci: definicje, cele, warto\u015bci spo\u0142eczne<\/li><li>Spo\u0142eczne aspekty dost\u0119pno\u015bci i przeciwdzia\u0142anie wykluczeniu<\/li><li>Obowi\u0105zuj\u0105ce akty prawne (ustawa o zapewnianiu dost\u0119pno\u015bci, prawo krajowe i unijne)<\/li><li>Przyk\u0142ady dobrych i z\u0142ych praktyk<\/li><\/ul>\t\t\t\t\t\t<\/div>\r\n\t\t\t\t<\/div>\r\n\t\t\t\t<div class=\"elementor-element elementor-element-92dbda1 elementor-widget elementor-widget-text-editor\" data-id=\"92dbda1\" data-element_type=\"widget\" data-widget_type=\"text-editor.default\">\r\n\t\t\t\t<div class=\"elementor-widget-container\">\r\n\t\t\t\t\t\t\t<p><b>Modu\u0142 II \u2013 Komunikacja i relacje z osobami o szczeg\u00f3lnych potrzebach<\/b><\/p><ul><li style=\"font-weight: 400;\" aria-level=\"1\"><span style=\"font-weight: 400;\">Kim s\u0105 osoby ze szczeg\u00f3lnymi potrzebami \u2013 profil u\u017cytkownika<\/span><span style=\"font-weight: 400;\"><br \/><\/span><\/li><li style=\"font-weight: 400;\" aria-level=\"1\"><span style=\"font-weight: 400;\">Bariery komunikacyjne i sposoby ich prze\u0142amywania<\/span><span style=\"font-weight: 400;\"><br \/><\/span><\/li><li style=\"font-weight: 400;\" aria-level=\"1\"><span style=\"font-weight: 400;\">Standardy komunikacji \u2013 zasady savoir-vivre<\/span><\/li><li style=\"font-weight: 400;\" aria-level=\"1\">Komunikacja alternatywna i wspomagaj\u0105ca (AAC)<\/li><\/ul>\t\t\t\t\t\t<\/div>\r\n\t\t\t\t<\/div>\r\n\t\t\t\t<div class=\"elementor-element elementor-element-a274d2e elementor-widget elementor-widget-text-editor\" data-id=\"a274d2e\" data-element_type=\"widget\" data-widget_type=\"text-editor.default\">\r\n\t\t\t\t<div class=\"elementor-widget-container\">\r\n\t\t\t\t\t\t\t<p><strong>Modu\u0142 III \u2013 Dost\u0119pno\u015b\u0107 architektoniczna w praktyce<\/strong><\/p><ul><li>Podstawowe zasady projektowania uniwersalnego<\/li><li>Racjonalne usprawnienia i dost\u0119p alternatywny<\/li><li>Rozpoznawanie barier architektonicznych<\/li><li>Wizyta terenowa \u2013 analiza przestrzeni pod k\u0105tem dost\u0119pno\u015bci<\/li><\/ul>\t\t\t\t\t\t<\/div>\r\n\t\t\t\t<\/div>\r\n\t\t\t\t<div class=\"elementor-element elementor-element-1d53d75 elementor-widget elementor-widget-text-editor\" data-id=\"1d53d75\" data-element_type=\"widget\" data-widget_type=\"text-editor.default\">\r\n\t\t\t\t<div class=\"elementor-widget-container\">\r\n\t\t\t\t\t\t\t<p><strong>Modu\u0142 IV \u2013 Audyt dost\u0119pno\u015bci i dzia\u0142ania naprawcze<\/strong><\/p><ul><li>Narz\u0119dzia i metodologia audytu dost\u0119pno\u015bci<\/li><li>Spacer audytowy \u2013 praktyczne zastosowanie<\/li><li>Przygotowanie raportu z audytu<\/li><li>Plan dzia\u0142a\u0144 naprawczych i przygotowanie deklaracji dost\u0119pno\u015bci<\/li><\/ul>\t\t\t\t\t\t<\/div>\r\n\t\t\t\t<\/div>\r\n\t\t\t\t\t<\/div>\r\n\t\t\t\t<\/div>\r\n\t\t\t\t\t<\/div>\r\n\t\t\t\t<\/div>\r\n\t\t<div class=\"elementor-element elementor-element-c38b8c8 e-con-full e-flex e-con e-parent\" data-id=\"c38b8c8\" data-element_type=\"container\" data-settings=\"{&quot;background_background&quot;:&quot;classic&quot;}\">\r\n\t\t<div class=\"elementor-element elementor-element-31ffb10 e-flex e-con-boxed e-con e-child\" data-id=\"31ffb10\" data-element_type=\"container\">\r\n\t\t\t\t\t<div class=\"e-con-inner\">\r\n\t\t\t\t<div class=\"elementor-element elementor-element-e3db142 elementor-widget elementor-widget-heading\" data-id=\"e3db142\" data-element_type=\"widget\" data-widget_type=\"heading.default\">\r\n\t\t\t\t<div class=\"elementor-widget-container\">\r\n\t\t\t<h2 class=\"elementor-heading-title elementor-size-default\">zaufali nam<\/h2>\t\t<\/div>\r\n\t\t\t\t<\/div>\r\n\t\t<div class=\"elementor-element elementor-element-10e1708 e-grid e-con-boxed e-con e-child\" data-id=\"10e1708\" data-element_type=\"container\">\r\n\t\t\t\t\t<div class=\"e-con-inner\">\r\n\t\t\t\t<div class=\"elementor-element elementor-element-b2f8cd2 elementor-widget elementor-widget-image\" data-id=\"b2f8cd2\" data-element_type=\"widget\" data-widget_type=\"image.default\">\r\n\t\t\t\t<div class=\"elementor-widget-container\">\r\n\t\t\t\t\t\t\t\t\t\t<figure class=\"wp-caption\">\r\n\t\t\t\t\t\t\t\t\t\t<img decoding=\"async\" width=\"250\" height=\"141\" data-src=\"https:\/\/gniazdko.lu\/wp-content\/uploads\/2025\/04\/psw.png\" class=\"attachment-large size-large wp-image-2669 lazyload\" alt=\"\" data-srcset=\"https:\/\/gniazdko.lu\/wp-content\/uploads\/2025\/04\/psw.png 250w, https:\/\/gniazdko.lu\/wp-content\/uploads\/2025\/04\/psw-18x10.png 18w\" data-sizes=\"(max-width: 250px) 100vw, 250px\" src=\"data:image\/gif;base64,R0lGODlhAQABAAAAACH5BAEKAAEALAAAAAABAAEAAAICTAEAOw==\" style=\"--smush-placeholder-width: 250px; --smush-placeholder-aspect-ratio: 250\/141;\" \/><noscript><img decoding=\"async\" width=\"250\" height=\"141\" src=\"https:\/\/gniazdko.lu\/wp-content\/uploads\/2025\/04\/psw.png\" class=\"attachment-large size-large wp-image-2669\" alt=\"\" srcset=\"https:\/\/gniazdko.lu\/wp-content\/uploads\/2025\/04\/psw.png 250w, https:\/\/gniazdko.lu\/wp-content\/uploads\/2025\/04\/psw-18x10.png 18w\" sizes=\"(max-width: 250px) 100vw, 250px\" \/><\/noscript>\t\t\t\t\t\t\t\t\t\t\t<figcaption class=\"widget-image-caption wp-caption-text\">Powi\u015bla\u0144ska Szko\u0142a Wy\u017csza w Kwidzynie<\/figcaption>\r\n\t\t\t\t\t\t\t\t\t\t<\/figure>\r\n\t\t\t\t\t\t\t<\/div>\r\n\t\t\t\t<\/div>\r\n\t\t\t\t<div class=\"elementor-element elementor-element-18ccd8d elementor-widget elementor-widget-image\" data-id=\"18ccd8d\" data-element_type=\"widget\" data-widget_type=\"image.default\">\r\n\t\t\t\t<div class=\"elementor-widget-container\">\r\n\t\t\t\t\t\t\t\t\t\t<figure class=\"wp-caption\">\r\n\t\t\t\t\t\t\t\t\t\t<img decoding=\"async\" width=\"296\" height=\"170\" data-src=\"https:\/\/gniazdko.lu\/wp-content\/uploads\/2025\/04\/ans.png\" class=\"attachment-large size-large wp-image-2670 lazyload\" alt=\"\" data-srcset=\"https:\/\/gniazdko.lu\/wp-content\/uploads\/2025\/04\/ans.png 296w, https:\/\/gniazdko.lu\/wp-content\/uploads\/2025\/04\/ans-18x10.png 18w\" data-sizes=\"(max-width: 296px) 100vw, 296px\" src=\"data:image\/gif;base64,R0lGODlhAQABAAAAACH5BAEKAAEALAAAAAABAAEAAAICTAEAOw==\" style=\"--smush-placeholder-width: 296px; --smush-placeholder-aspect-ratio: 296\/170;\" \/><noscript><img decoding=\"async\" width=\"296\" height=\"170\" src=\"https:\/\/gniazdko.lu\/wp-content\/uploads\/2025\/04\/ans.png\" class=\"attachment-large size-large wp-image-2670\" alt=\"\" srcset=\"https:\/\/gniazdko.lu\/wp-content\/uploads\/2025\/04\/ans.png 296w, https:\/\/gniazdko.lu\/wp-content\/uploads\/2025\/04\/ans-18x10.png 18w\" sizes=\"(max-width: 296px) 100vw, 296px\" \/><\/noscript>\t\t\t\t\t\t\t\t\t\t\t<figcaption class=\"widget-image-caption wp-caption-text\">Akademia Nauk Stosowanych im. Hipolita Cegielskiego <br>w Gnie\u017anie<\/figcaption>\r\n\t\t\t\t\t\t\t\t\t\t<\/figure>\r\n\t\t\t\t\t\t\t<\/div>\r\n\t\t\t\t<\/div>\r\n\t\t\t\t<div class=\"elementor-element elementor-element-4b161a5 elementor-widget elementor-widget-image\" data-id=\"4b161a5\" data-element_type=\"widget\" data-widget_type=\"image.default\">\r\n\t\t\t\t<div class=\"elementor-widget-container\">\r\n\t\t\t\t\t\t\t\t\t\t<figure class=\"wp-caption\">\r\n\t\t\t\t\t\t\t\t\t\t<img loading=\"lazy\" decoding=\"async\" width=\"320\" height=\"157\" data-src=\"https:\/\/gniazdko.lu\/wp-content\/uploads\/2025\/04\/umcs.png\" class=\"attachment-large size-large wp-image-2671 lazyload\" alt=\"\" data-srcset=\"https:\/\/gniazdko.lu\/wp-content\/uploads\/2025\/04\/umcs.png 320w, https:\/\/gniazdko.lu\/wp-content\/uploads\/2025\/04\/umcs-300x147.png 300w, https:\/\/gniazdko.lu\/wp-content\/uploads\/2025\/04\/umcs-18x9.png 18w\" data-sizes=\"(max-width: 320px) 100vw, 320px\" src=\"data:image\/gif;base64,R0lGODlhAQABAAAAACH5BAEKAAEALAAAAAABAAEAAAICTAEAOw==\" style=\"--smush-placeholder-width: 320px; --smush-placeholder-aspect-ratio: 320\/157;\" \/><noscript><img loading=\"lazy\" decoding=\"async\" width=\"320\" height=\"157\" src=\"https:\/\/gniazdko.lu\/wp-content\/uploads\/2025\/04\/umcs.png\" class=\"attachment-large size-large wp-image-2671\" alt=\"\" srcset=\"https:\/\/gniazdko.lu\/wp-content\/uploads\/2025\/04\/umcs.png 320w, https:\/\/gniazdko.lu\/wp-content\/uploads\/2025\/04\/umcs-300x147.png 300w, https:\/\/gniazdko.lu\/wp-content\/uploads\/2025\/04\/umcs-18x9.png 18w\" sizes=\"(max-width: 320px) 100vw, 320px\" \/><\/noscript>\t\t\t\t\t\t\t\t\t\t\t<figcaption class=\"widget-image-caption wp-caption-text\">Uniwersytet Marii Curie-Sk\u0142odowskiej w Lublinie<\/figcaption>\r\n\t\t\t\t\t\t\t\t\t\t<\/figure>\r\n\t\t\t\t\t\t\t<\/div>\r\n\t\t\t\t<\/div>\r\n\t\t\t\t\t<\/div>\r\n\t\t\t\t<\/div>\r\n\t\t\t\t\t<\/div>\r\n\t\t\t\t<\/div>\r\n\t\t\t\t<\/div>\r\n\t\t<div class=\"elementor-element elementor-element-6db4f7d e-flex e-con-boxed e-con e-parent\" data-id=\"6db4f7d\" data-element_type=\"container\">\r\n\t\t\t\t\t<div class=\"e-con-inner\">\r\n\t\t\t\t<div class=\"elementor-element elementor-element-3178b86 elementor-widget elementor-widget-spacer\" data-id=\"3178b86\" data-element_type=\"widget\" data-widget_type=\"spacer.default\">\r\n\t\t\t\t<div class=\"elementor-widget-container\">\r\n\t\t\t<style>\/*! elementor - v3.21.0 - 22-05-2024 *\/\n.elementor-column .elementor-spacer-inner{height:var(--spacer-size)}.e-con{--container-widget-width:100%}.e-con-inner>.elementor-widget-spacer,.e-con>.elementor-widget-spacer{width:var(--container-widget-width,var(--spacer-size));--align-self:var(--container-widget-align-self,initial);--flex-shrink:0}.e-con-inner>.elementor-widget-spacer>.elementor-widget-container,.e-con>.elementor-widget-spacer>.elementor-widget-container{height:100%;width:100%}.e-con-inner>.elementor-widget-spacer>.elementor-widget-container>.elementor-spacer,.e-con>.elementor-widget-spacer>.elementor-widget-container>.elementor-spacer{height:100%}.e-con-inner>.elementor-widget-spacer>.elementor-widget-container>.elementor-spacer>.elementor-spacer-inner,.e-con>.elementor-widget-spacer>.elementor-widget-container>.elementor-spacer>.elementor-spacer-inner{height:var(--container-widget-height,var(--spacer-size))}.e-con-inner>.elementor-widget-spacer.elementor-widget-empty,.e-con>.elementor-widget-spacer.elementor-widget-empty{position:relative;min-height:22px;min-width:22px}.e-con-inner>.elementor-widget-spacer.elementor-widget-empty .elementor-widget-empty-icon,.e-con>.elementor-widget-spacer.elementor-widget-empty .elementor-widget-empty-icon{position:absolute;top:0;bottom:0;left:0;right:0;margin:auto;padding:0;width:22px;height:22px}<\/style>\t\t<div class=\"elementor-spacer\">\r\n\t\t\t<div class=\"elementor-spacer-inner\"><\/div>\r\n\t\t<\/div>\r\n\t\t\t\t<\/div>\r\n\t\t\t\t<\/div>\r\n\t\t\t\t<div class=\"elementor-element elementor-element-4b67d62 elementor-align-left elementor-widget elementor-widget-bdevs-contact\" data-id=\"4b67d62\" data-element_type=\"widget\" data-widget_type=\"bdevs-contact.default\">\r\n\t\t\t\t<div class=\"elementor-widget-container\">\r\n\t\t\t\r\n\t\t\r\r\n\t\t\r\n\t\t \r\r\n\t\t\t<div class=\"container\">\r\r\n\t\t\t\t<div class=\"row justify-content-center\">\r\r\n\t\t\t\t\t<div class=\"col-xl-7 col-lg-8\">\r\r\n\t\t\t\t\t\t<div class=\"section-title text-center mb-80 wow fadeInDown animated\" data-animation=\"fadeInDown animated\" data-delay=\".2s\">\r\r\n\t\t\t\t\t\t\t\r\n\t\t\t\t\t\t\t<span>we create custom-made products<\/span>\r\r\n\t\t\t\t\t\t\t\r\n\t\t\t\t\t\t\t\r\n\t\t\t\t\t\t\t<h2>Zapytaj o szczeg\u00f3\u0142y<\/h2>\r\r\n\t\t\t\t\t\t\t\r\n\t\t\t\t\t\t<\/div>\r\r\n\t\t\t\t\t<\/div>\r\r\n\t\t\t\t<\/div>\r\r\n\t\t\t\t<div class=\"row\">\r\r\n\t\t\t\t\t<div class=\"col-lg-4\">\r\r\n\t\t\t\t\t\t<div class=\"contact-info\">\r\r\n\t\t\t\t\t\t\t\r\n\t\t\t\t\t\t\t\t<div class=\"single-cta pb-30 mb-30 wow fadeInUp animated\" data-animation=\"fadeInDown animated\" data-delay=\".2s\">\r\r\n\t\t\t\t\t\t\t\t\t\r\n\t\t\t\t\t\t\t\t\t  \r\r\n\t\t\t\t\t\t\t\t\t\t<h5>phone<\/h5>\r\r\n\t\t\t\t\t\t\t\t\t\r\n\t\t\t\t\t\t\t\t\t  \r\r\n\t\t\t\t\t\t\t\t\t\t<p>+48 690 600 819<\/p>\r\r\n\t\t\t\t\t\t\t\t\t\r\n\t\t\t\t\t\t\t\t<\/div>\r\r\n\t\t\t\t\t\t\t\r\n\t\t\t\t\t\t\t\t<div class=\"single-cta pb-30 mb-30 wow fadeInUp animated\" data-animation=\"fadeInDown animated\" data-delay=\".2s\">\r\r\n\t\t\t\t\t\t\t\t\t\r\n\t\t\t\t\t\t\t\t\t  \r\r\n\t\t\t\t\t\t\t\t\t\t<h5>mail<\/h5>\r\r\n\t\t\t\t\t\t\t\t\t\r\n\t\t\t\t\t\t\t\t\t  \r\r\n\t\t\t\t\t\t\t\t\t\t<p>kontakt@gniazdko.lu<\/p>\r\r\n\t\t\t\t\t\t\t\t\t\r\n\t\t\t\t\t\t\t\t<\/div>\r\r\n\t\t\t\t\t\t\t\r\n\t\t\t\t\t\t\t\t<div class=\"single-cta pb-30 mb-30 wow fadeInUp animated\" data-animation=\"fadeInDown animated\" data-delay=\".2s\">\r\r\n\t\t\t\t\t\t\t\t\t\r\n\t\t\t\t\t\t\t\t\t  \r\r\n\t\t\t\t\t\t\t\t\t\t<h5>adress<\/h5>\r\r\n\t\t\t\t\t\t\t\t\t\r\n\t\t\t\t\t\t\t\t\t  \r\r\n\t\t\t\t\t\t\t\t\t\t<p>zamojska 21\/20a,\n20-102 lublin, poland<\/p>\r\r\n\t\t\t\t\t\t\t\t\t\r\n\t\t\t\t\t\t\t\t<\/div>\r\r\n\t\t\t\t\t\t\t\r\n\t\t\t\t\t\t\t<\/div>\r\r\n\t\t\t\t\t\t<\/div>\r\r\n\t\t\t\t\t\t<div class=\"col-lg-8\">\r\r\n\t\t\t\t\t\t\t\n<div class=\"wpcf7 no-js\" id=\"wpcf7-f1569-o1\" lang=\"en-US\" dir=\"ltr\">\n<div class=\"screen-reader-response\"><p role=\"status\" aria-live=\"polite\" aria-atomic=\"true\"><\/p> <ul><\/ul><\/div>\n<form action=\"\/en\/wp-json\/wp\/v2\/pages\/2648#wpcf7-f1569-o1\" method=\"post\" class=\"wpcf7-form init\" aria-label=\"Contact form\" novalidate=\"novalidate\" data-status=\"init\" data-trp-original-action=\"\/en\/wp-json\/wp\/v2\/pages\/2648#wpcf7-f1569-o1\">\n<div style=\"display: none;\">\n<input type=\"hidden\" name=\"_wpcf7\" value=\"1569\" \/>\n<input type=\"hidden\" name=\"_wpcf7_version\" value=\"5.9.5\" \/>\n<input type=\"hidden\" name=\"_wpcf7_locale\" value=\"en_US\" \/>\n<input type=\"hidden\" name=\"_wpcf7_unit_tag\" value=\"wpcf7-f1569-o1\" \/>\n<input type=\"hidden\" name=\"_wpcf7_container_post\" value=\"0\" \/>\n<input type=\"hidden\" name=\"_wpcf7_posted_data_hash\" value=\"\" \/>\n<input type=\"hidden\" name=\"_wpcf7_recaptcha_response\" value=\"\" \/>\n<\/div>\n<div class=\"contact-form wow fadeInUp animated\" data-animation=\"fadeInDown animated\" data-delay=\".2s\">\n\t<div class=\"row\">\n\t\t<div class=\"col-lg-9\">\n\t\t\t<div class=\"contact-field p-relative mb-20\">\n\t\t\t\t<p><span class=\"wpcf7-form-control-wrap\" data-name=\"your-name\"><input size=\"40\" class=\"wpcf7-form-control wpcf7-text\" aria-invalid=\"false\" placeholder=\"name\" value=\"\" type=\"text\" name=\"your-name\" \/><\/span>\n\t\t\t\t<\/p>\n\t\t\t<\/div>\n\t\t<\/div>\n\t\t<div class=\"col-lg-9\">\n\t\t\t<div class=\"contact-field p-relative mb-20\">\n\t\t\t\t<p><span class=\"wpcf7-form-control-wrap\" data-name=\"your-email\"><input size=\"40\" class=\"wpcf7-form-control wpcf7-email wpcf7-text wpcf7-validates-as-email\" aria-invalid=\"false\" placeholder=\"mail \/ phone\" value=\"\" type=\"email\" name=\"your-email\" \/><\/span>\n\t\t\t\t<\/p>\n\t\t\t<\/div>\n\t\t<\/div>\n\t\t<div class=\"col-lg-9\">\n\t\t\t<div class=\"contact-field p-relative mb-20\">\n\t\t\t\t<p><span class=\"wpcf7-form-control-wrap\" data-name=\"your-phone\"><input size=\"40\" class=\"wpcf7-form-control wpcf7-tel wpcf7-validates-as-required wpcf7-text wpcf7-validates-as-tel\" aria-required=\"true\" aria-invalid=\"false\" placeholder=\"phone\" value=\"\" type=\"tel\" name=\"your-phone\" \/><\/span>\n\t\t\t\t<\/p>\n\t\t\t<\/div>\n\t\t<\/div>\n\t\t<div class=\"col-lg-9\">\n\t\t\t<div class=\"contact-field p-relative mb-20\">\n\t\t\t\t<p><span class=\"wpcf7-form-control-wrap\" data-name=\"your-message\"><textarea cols=\"40\" rows=\"10\" class=\"wpcf7-form-control wpcf7-textarea\" id=\"message\" aria-invalid=\"false\" placeholder=\"your message\" name=\"your-message\"><\/textarea><\/span>\n\t\t\t\t<\/p>\n\t\t\t<\/div>\n\t\t\t<p><input class=\"wpcf7-form-control wpcf7-submit has-spinner btn\" type=\"submit\" value=\"send message\" \/>\n\t\t\t<\/p>\n\t\t<\/div>\n\t<\/div>\n<\/div><div class=\"wpcf7-response-output\" aria-hidden=\"true\"><\/div>\n<input type=\"hidden\" name=\"trp-form-language\" value=\"en\"\/><\/form>\n<\/div>\n\r\n\t\t\t\t\t\t<\/div>\r\r\n\t\t\t\t\t<\/div>\r\r\n\t\t\t\t<\/div>\r\r\n\t\t<\/section>\r\r\n\r\r\n\t\t\r\n\r\r\n\t\t\t<\/div>\r\n\t\t\t\t<\/div>\r\n\t\t\t\t\t<\/div>\r\n\t\t\t\t<\/div>\r\n\t\t\t\t<\/div>","protected":false},"excerpt":{"rendered":"<p>Szkolenie z dost\u0119pno\u015bci informacyjnej, komunikacyjnej i architektonicznej opis szkolenia Szkolenie z dost\u0119pno\u015bci informacyjnej, komunikacyjnej i architektonicznej to skondensowany program edukacyjny, kt\u00f3rego celem jest przygotowanie uczestnik\u00f3w do efektywnego wdra\u017cania zasad dost\u0119pno\u015bci w r\u00f3\u017cnych obszarach funkcjonowania instytucji i przestrzeni publicznej. Szkolenie obejmuje zar\u00f3wno zagadnienia teoretyczne, jak i intensywne zaj\u0119cia praktyczne w terenie. Uczestnicy zdobywaj\u0105 wiedz\u0119 m.in. z [&hellip;]<\/p>","protected":false},"author":3,"featured_media":0,"parent":0,"menu_order":0,"comment_status":"closed","ping_status":"closed","template":"elementor_header_footer","meta":{"inline_featured_image":false,"footnotes":""},"class_list":["post-2648","page","type-page","status-publish","hentry"],"_links":{"self":[{"href":"https:\/\/gniazdko.lu\/en\/wp-json\/wp\/v2\/pages\/2648","targetHints":{"allow":["GET"]}}],"collection":[{"href":"https:\/\/gniazdko.lu\/en\/wp-json\/wp\/v2\/pages"}],"about":[{"href":"https:\/\/gniazdko.lu\/en\/wp-json\/wp\/v2\/types\/page"}],"author":[{"embeddable":true,"href":"https:\/\/gniazdko.lu\/en\/wp-json\/wp\/v2\/users\/3"}],"replies":[{"embeddable":true,"href":"https:\/\/gniazdko.lu\/en\/wp-json\/wp\/v2\/comments?post=2648"}],"version-history":[{"count":37,"href":"https:\/\/gniazdko.lu\/en\/wp-json\/wp\/v2\/pages\/2648\/revisions"}],"predecessor-version":[{"id":2722,"href":"https:\/\/gniazdko.lu\/en\/wp-json\/wp\/v2\/pages\/2648\/revisions\/2722"}],"wp:attachment":[{"href":"https:\/\/gniazdko.lu\/en\/wp-json\/wp\/v2\/media?parent=2648"}],"curies":[{"name":"wp","href":"https:\/\/api.w.org\/{rel}","templated":true}]}}